{"id":4626,"date":"2023-04-04T19:29:38","date_gmt":"2023-04-04T17:29:38","guid":{"rendered":"https:\/\/www.sgv-bad-berleburg.de\/?page_id=4626"},"modified":"2026-01-23T17:46:03","modified_gmt":"2026-01-23T16:46:03","slug":"unser-team-2","status":"publish","type":"page","link":"https:\/\/www.sgv-bad-berleburg.de\/?page_id=4626","title":{"rendered":"Unser Team"},"content":{"rendered":"\t\t<div data-elementor-type=\"wp-page\" data-elementor-id=\"4626\" class=\"elementor elementor-4626\">\n\t\t\t\t\t\t<section class=\"elementor-section elementor-top-section elementor-element elementor-element-c2b39ba elementor-section-boxed elementor-section-height-default elementor-section-height-default\" data-id=\"c2b39ba\" data-element_type=\"section\" data-e-type=\"section\">\n\t\t\t\t\t\t<div class=\"elementor-container elementor-column-gap-default\">\n\t\t\t\t\t<div class=\"elementor-column elementor-col-100 elementor-top-column elementor-element elementor-element-49f4668\" data-id=\"49f4668\" data-element_type=\"column\" data-e-type=\"column\">\n\t\t\t<div class=\"elementor-widget-wrap elementor-element-populated\">\n\t\t\t\t\t\t<div class=\"elementor-element elementor-element-fe74f8d elementor-widget elementor-widget-heading\" data-id=\"fe74f8d\" data-element_type=\"widget\" data-e-type=\"widget\" data-widget_type=\"heading.default\">\n\t\t\t\t<div class=\"elementor-widget-container\">\n\t\t\t\t\t<h2 class=\"elementor-heading-title elementor-size-default\">Vorstand und Wanderf\u00fchrer\/in<\/h2>\t\t\t\t<\/div>\n\t\t\t\t<\/div>\n\t\t\t\t<div class=\"elementor-element elementor-element-7fb4d89 elementor-widget elementor-widget-spacer\" data-id=\"7fb4d89\" data-element_type=\"widget\" data-e-type=\"widget\" data-widget_type=\"spacer.default\">\n\t\t\t\t<div class=\"elementor-widget-container\">\n\t\t\t\t\t\t\t<div class=\"elementor-spacer\">\n\t\t\t<div class=\"elementor-spacer-inner\"><\/div>\n\t\t<\/div>\n\t\t\t\t\t\t<\/div>\n\t\t\t\t<\/div>\n\t\t\t\t\t<\/div>\n\t\t<\/div>\n\t\t\t\t\t<\/div>\n\t\t<\/section>\n\t\t\t\t<section class=\"elementor-section elementor-top-section elementor-element elementor-element-3269083 elementor-section-boxed elementor-section-height-default elementor-section-height-default\" data-id=\"3269083\" data-element_type=\"section\" data-e-type=\"section\">\n\t\t\t\t\t\t<div class=\"elementor-container elementor-column-gap-default\">\n\t\t\t\t\t<div class=\"elementor-column elementor-col-50 elementor-top-column elementor-element elementor-element-d3af99c\" data-id=\"d3af99c\" data-element_type=\"column\" data-e-type=\"column\">\n\t\t\t<div class=\"elementor-widget-wrap elementor-element-populated\">\n\t\t\t\t\t\t<div class=\"elementor-element elementor-element-bec3291 elementor-widget elementor-widget-image\" data-id=\"bec3291\" data-element_type=\"widget\" data-e-type=\"widget\" data-widget_type=\"image.default\">\n\t\t\t\t<div class=\"elementor-widget-container\">\n\t\t\t\t\t\t\t\t\t\t\t\t\t\t\t<img decoding=\"async\" src=\"https:\/\/www.sgv-bad-berleburg.de\/wp-content\/uploads\/elementor\/thumbs\/Wandern-3-qngpmalfmbupwtomflukynqdhnfhlahmzjw8ocsjwo.jpg\" title=\"Wandern 3\" alt=\"Wandern 3\" loading=\"lazy\" \/>\t\t\t\t\t\t\t\t\t\t\t\t\t\t\t<\/div>\n\t\t\t\t<\/div>\n\t\t\t\t\t<\/div>\n\t\t<\/div>\n\t\t\t\t<div class=\"elementor-column elementor-col-50 elementor-top-column elementor-element elementor-element-b65a8aa\" data-id=\"b65a8aa\" data-element_type=\"column\" data-e-type=\"column\">\n\t\t\t<div class=\"elementor-widget-wrap elementor-element-populated\">\n\t\t\t\t\t\t<div class=\"elementor-element elementor-element-4e29f04 elementor-widget elementor-widget-text-editor\" data-id=\"4e29f04\" data-element_type=\"widget\" data-e-type=\"widget\" data-widget_type=\"text-editor.default\">\n\t\t\t\t<div class=\"elementor-widget-container\">\n\t\t\t\t\t\t\t\t\t<p>Ursula Buschmann&nbsp;&nbsp;<\/p><p>1. Vorsitzende und Wanderf\u00fchrerin<\/p><p>01577-1832222<\/p><p>uschi@berlin.sc<br><\/p>\n<p><\/p>\t\t\t\t\t\t\t\t<\/div>\n\t\t\t\t<\/div>\n\t\t\t\t\t<\/div>\n\t\t<\/div>\n\t\t\t\t\t<\/div>\n\t\t<\/section>\n\t\t\t\t<section class=\"elementor-section elementor-top-section elementor-element elementor-element-8a15292 elementor-section-boxed elementor-section-height-default elementor-section-height-default\" data-id=\"8a15292\" data-element_type=\"section\" data-e-type=\"section\">\n\t\t\t\t\t\t<div class=\"elementor-container elementor-column-gap-default\">\n\t\t\t\t\t<div class=\"elementor-column elementor-col-50 elementor-top-column elementor-element elementor-element-ef371e9\" data-id=\"ef371e9\" data-element_type=\"column\" data-e-type=\"column\">\n\t\t\t<div class=\"elementor-widget-wrap elementor-element-populated\">\n\t\t\t\t\t\t<div class=\"elementor-element elementor-element-3500b36 elementor-widget elementor-widget-image\" data-id=\"3500b36\" data-element_type=\"widget\" data-e-type=\"widget\" data-widget_type=\"image.default\">\n\t\t\t\t<div class=\"elementor-widget-container\">\n\t\t\t\t\t\t\t\t\t\t\t\t\t\t\t<img decoding=\"async\" src=\"https:\/\/www.sgv-bad-berleburg.de\/wp-content\/uploads\/elementor\/thumbs\/8812d445-671b-4ae2-97f6-316552f75e93-q4j2lcesnjic9jmgf07oqvk618pzqvcugvizdltiui.jpg\" title=\"8812d445-671b-4ae2-97f6-316552f75e93\" alt=\"8812d445-671b-4ae2-97f6-316552f75e93\" loading=\"lazy\" \/>\t\t\t\t\t\t\t\t\t\t\t\t\t\t\t<\/div>\n\t\t\t\t<\/div>\n\t\t\t\t\t<\/div>\n\t\t<\/div>\n\t\t\t\t<div class=\"elementor-column elementor-col-50 elementor-top-column elementor-element elementor-element-0d33d4f\" data-id=\"0d33d4f\" data-element_type=\"column\" data-e-type=\"column\">\n\t\t\t<div class=\"elementor-widget-wrap elementor-element-populated\">\n\t\t\t\t\t\t<div class=\"elementor-element elementor-element-6c32ba7 elementor-widget elementor-widget-text-editor\" data-id=\"6c32ba7\" data-element_type=\"widget\" data-e-type=\"widget\" data-widget_type=\"text-editor.default\">\n\t\t\t\t<div class=\"elementor-widget-container\">\n\t\t\t\t\t\t\t\t\t<p><em><strong>Martina<\/strong><\/em><\/p>\n<p>unsere Schriftf\u00fchrerin und Wanderf\u00fchrerin, die rheinische Frohnatur bevorzugt Rundwanderungen von 12-18km\u00a0<\/p>\t\t\t\t\t\t\t\t<\/div>\n\t\t\t\t<\/div>\n\t\t\t\t\t<\/div>\n\t\t<\/div>\n\t\t\t\t\t<\/div>\n\t\t<\/section>\n\t\t\t\t<\/div>\n\t\t","protected":false},"excerpt":{"rendered":"<p>Vorstand und Wanderf\u00fchrer\/in Ursula Buschmann&nbsp;&nbsp; 1. Vorsitzende und Wanderf\u00fchrerin 01577-1832222 uschi@berlin.sc Martina unsere Schriftf\u00fchrerin und Wanderf\u00fchrerin, die rheinische Frohnatur bevorzugt Rundwanderungen von 12-18km\u00a0<\/p>\n","protected":false},"author":5,"featured_media":0,"parent":0,"menu_order":0,"comment_status":"closed","ping_status":"closed","template":"","meta":{"footnotes":""},"class_list":["post-4626","page","type-page","status-publish","hentry"],"_links":{"self":[{"href":"https:\/\/www.sgv-bad-berleburg.de\/index.php?rest_route=\/wp\/v2\/pages\/4626","targetHints":{"allow":["GET"]}}],"collection":[{"href":"https:\/\/www.sgv-bad-berleburg.de\/index.php?rest_route=\/wp\/v2\/pages"}],"about":[{"href":"https:\/\/www.sgv-bad-berleburg.de\/index.php?rest_route=\/wp\/v2\/types\/page"}],"author":[{"embeddable":true,"href":"https:\/\/www.sgv-bad-berleburg.de\/index.php?rest_route=\/wp\/v2\/users\/5"}],"replies":[{"embeddable":true,"href":"https:\/\/www.sgv-bad-berleburg.de\/index.php?rest_route=%2Fwp%2Fv2%2Fcomments&post=4626"}],"version-history":[{"count":68,"href":"https:\/\/www.sgv-bad-berleburg.de\/index.php?rest_route=\/wp\/v2\/pages\/4626\/revisions"}],"predecessor-version":[{"id":5987,"href":"https:\/\/www.sgv-bad-berleburg.de\/index.php?rest_route=\/wp\/v2\/pages\/4626\/revisions\/5987"}],"wp:attachment":[{"href":"https:\/\/www.sgv-bad-berleburg.de\/index.php?rest_route=%2Fwp%2Fv2%2Fmedia&parent=4626"}],"curies":[{"name":"wp","href":"https:\/\/api.w.org\/{rel}","templated":true}]}}