{"id":35,"date":"2010-02-06T23:12:11","date_gmt":"2010-02-06T22:12:11","guid":{"rendered":"http:\/\/www.sgv-bad-berleburg.de\/?page_id=35"},"modified":"2023-03-25T17:19:26","modified_gmt":"2023-03-25T16:19:26","slug":"geschichte","status":"publish","type":"page","link":"https:\/\/www.sgv-bad-berleburg.de\/?page_id=35","title":{"rendered":"Geschichte"},"content":{"rendered":"<h2 style=\"text-align: center;\"><strong>Vom Niederhessischen Touristenverein zum SGV-Berleburg<\/strong><\/h2>\n<p><em>\u201eGr\u00fc\u00df dich, Deutschland,aus Herzens Grund\u201c.<\/em><br \/>\n<strong>so besingt der Dichter Eichendorff in seinem Gedicht \u201eHeimweh\u201c sein Vaterland. Josef von Eichendorff geh\u00f6rt zu den Dichtern der j\u00fcngeren Romantik. Diese geistige Str\u00f6mung zu Beginn des 19. Jahrhunderts erstreckt sich auf alle kultur- und gesellschaftspolitischen Bereiche wie: Dichtung und Literatur, Baukunst und Malerei Musik und Geisteswissenschaften. Sie f\u00fchrt zur Betonung des Gef\u00fchls des Volkst\u00fcmlichen der Geschichte und st\u00e4rkt das Einheitsgef\u00fchl des deutschen Volkes.<br \/>\nMit der romantischen Hinwendung zu Heimat und Natur wird das Wandern bei uns in Deutschland popul\u00e4r. Erlebnis und Erholungssuchende, natur- und landeskundliche interessierte St\u00e4dter entdecken zuerst die Sch\u00f6nheiten der Alpen, sp\u00e4ter auch das befreiende Erleben der Natur in den Mittelgebirgen.<br \/>\n<\/strong><br \/>\n<em>Zwei Wanderer zogen hinaus zum Tor<br \/>\nzur herrlichen Alpenwelt empor.<br \/>\nDer eine ging, weil\u00b4s Mode just,<br \/>\nDen anderen trieb der Drang in der Brust.<br \/>\nAnastasius Gr\u00fcn ( 1806-1876)<\/em><br \/>\n<strong>Um die Lebensbedingungen der Menschen in diesen Gebieten zu f\u00f6rdern und f\u00fcr die Wanderer die&nbsp; erforderlichen&nbsp; Voraussetzungen zu schaffen gr\u00fcnden interessierte B\u00fcrger Mittelgebirgs- und Wandervereine die sich auch Touristenvereine nennen. 1864 entsteht als erster Zusammenschluss der Badische Schwarzwaldverein, ihm folgen 1867 der Rh\u00f6nclub,1869 der Deutsche Alenverein, 1883 der Niederhessische Touristenverein.<br \/>\nZu den Aufgaben geh\u00f6ren die Erschlie\u00dfung der Mittelgebirge, die Fremdenverkehrswerbung, Wegemarkierungen, das Aufstellen von B\u00e4nken und Wegweisern, die Pflege des Hotel- und Gastst\u00e4ttengewerbes. Ferner der Schutz der Natursch\u00f6nheiten, der historischen Denkm\u00e4ler, die F\u00f6rderung der natur- und volkskundlichen Kenntnisse die Pflege der Geselligkeit und des nationalen Geistes.<br \/>\nAuch in Berleburg diskutieren vorausschauende B\u00fcrger diese neuen Ideen. Zur F\u00f6rderung des Wandergedankens sowie zur regionalen und sektoralen Strukturverbesserung gr\u00fcnden einige B\u00fcrger 1882 eine \u201e Section des Niederhessischen Touristen Vereins\u201c.<br \/>\nAm 16. Februar1883 berichtet das Wittgensteiner Kreisblatt: <\/strong><\/p>\n<p><em>\u201eAm 9. dieses Monats, Abends 8 1\/2 Uhr, versammeln sich auf Einladung des Obersten z.D. Herrn von Gonthard eine Anzahl Herren hiesiger Stadt im Hotel Utsch, um die Statuten der hiesigen im November vorigen Jahres entstandenen Section des Niederhessischen Touristen Vereins in Kassel zu beraten und aus ihrer Mitte einen Vorstand zu w\u00e4hlen&#8230;.. Die Statuten des Hauptvereins wurden mit wenigen Ab\u00e4nderungen, die zugunsten unserer hiesigen Interessen getroffen wurden, einstimmig angenommen. Zu Vorstands-Mitgliedern wurden gew\u00e4hlt die Herren: Oberst z.D. Von Gontard&nbsp; als Vorsitzender, Landrath von Schroetter als stellvertretender Vorsitzender, Rector Florinals Kassierer und Schriftf\u00fchrer und Ober-Steuer-Controleur Bleisch als dessen Stellvertreter&#8230;. Indessen darf wohl der Hoffnung Raum gegeben werden, da\u00df Lokalpatriotismus und Sinn f\u00fcr Natursch\u00f6nheit dem Verein recht viele Mitglieder zuf\u00fchren werden. Der geringe Jahresbeitrag von einer Mark d\u00fcrfte wohl Niemenden von der Mitgliedschaft zur\u00fcckschrecken.\u201c<\/em><\/p>\n<p><strong>1888 beschlie\u00dft die hiesige Sektion, einer Namens\u00e4nderung in Wanderverein zuzustimmen und am 13. September 1890 den \u00dcbertritt zum Sauerl\u00e4ndischen Touristen-Cub.<br \/>\n1906 plant der Vorstand des Niederhessischen Touristenvereins zum 25 j\u00e4hrigen Bestehen die Herausgabe einer Festschrift und bittet die SGV-Abteilung als ehemalige Sektion um einen entsprechenden Bericht.<br \/>\nLeider lassen ich in Berleburg keine Akten oder andere Unterlagen mehr auffinden!<\/strong><\/p>\n<p><strong>Im Jubil\u00e4umsjahr 1908 umfa\u00dft der Niederhessische Touristenverein 22 Zweigvereine mit<br \/>\n3.158 Mitgliedern.<br \/>\n1916 \u00e4ndert er seinen Namen in \u201e Hessischer Gebirgsverein\u201c.<\/strong><\/p>\n<p><em>Auszug der Festschrift zum 100 j\u00e4hrigem Bestehen der Abteilung SGV Bad Berleburg aus dem Jahr 1990<br \/>\n<\/em><\/p>\n<p><strong>Anl\u00e4sslich des Deutschen Wandertages im Jahre 1990 wurde der Abt. Bad Berleburg f\u00fcr besondere Verdienste die Eichendorff Plakette \u00fcberreicht.<br \/>\nVereinsvorsitzender G\u00fcnter K\u00fchn konnte diese hohe Auszeichnung aus der Hand des Bundespr\u00e4sidenten Richard von Weizs\u00e4cker entgegen nehmen.<\/strong><\/p>\n<p>( Die Eichendorff-Plakette k\u00f6nnen Vereine beantragen, die mindestens 100 Jahre alt sind und nachweisen k\u00f6nnen, dass sie sich f\u00fcr die Pflege und F\u00f6rderung des Wanderns, des Heimatgedankens und des Umweltbewusstseins gro\u00dfe Verdienste erworben haben.)<\/p>\n<p style=\"text-align: center;\">\n<div id=\"attachment_246\" style=\"width: 610px\" class=\"wp-caption aligncenter\"><a href=\"http:\/\/www.sgv-bad-berleburg.de\/wp-content\/uploads\/2010\/02\/verleihung.jpg\"><img fetchpriority=\"high\" decoding=\"async\" aria-describedby=\"caption-attachment-246\" class=\"size-full wp-image-246\" title=\"Vereinsvorsitzender G\u00fcnter K\u00fchn konnte diese hohe Auszeichnung aus der Hand des Bundespr\u00e4sidenten Richard von Weizs\u00e4cker entgegen nehmen.\" src=\"http:\/\/www.sgv-bad-berleburg.de\/wp-content\/uploads\/2010\/02\/verleihung.jpg\" alt=\"Vereinsvorsitzender G\u00fcnter K\u00fchn konnte diese hohe Auszeichnung aus der Hand des Bundespr\u00e4sidenten Richard von Weizs\u00e4cker entgegen nehmen.\" width=\"600\" height=\"445\" srcset=\"https:\/\/www.sgv-bad-berleburg.de\/wp-content\/uploads\/2010\/02\/verleihung.jpg 600w, https:\/\/www.sgv-bad-berleburg.de\/wp-content\/uploads\/2010\/02\/verleihung-300x222.jpg 300w\" sizes=\"(max-width: 600px) 100vw, 600px\" \/><\/a><p id=\"caption-attachment-246\" class=\"wp-caption-text\">Vereinsvorsitzender G\u00fcnter K\u00fchn konnte diese hohe Auszeichnung aus der Hand des Bundespr\u00e4sidenten Richard von Weizs\u00e4cker entgegen nehmen.<\/p><\/div>\n<p style=\"text-align: center;\">&#8211;<\/p>\n<p style=\"text-align: center;\">\n<div id=\"attachment_248\" style=\"width: 430px\" class=\"wp-caption aligncenter\"><a href=\"http:\/\/www.sgv-bad-berleburg.de\/wp-content\/uploads\/2010\/02\/urkunde.jpg\"><img decoding=\"async\" aria-describedby=\"caption-attachment-248\" class=\"size-full wp-image-248\" title=\"Verleihungsurkunde\" src=\"http:\/\/www.sgv-bad-berleburg.de\/wp-content\/uploads\/2010\/02\/urkunde.jpg\" alt=\"Verleihungsurkunde\" width=\"420\" height=\"600\" srcset=\"https:\/\/www.sgv-bad-berleburg.de\/wp-content\/uploads\/2010\/02\/urkunde.jpg 420w, https:\/\/www.sgv-bad-berleburg.de\/wp-content\/uploads\/2010\/02\/urkunde-210x300.jpg 210w\" sizes=\"(max-width: 420px) 100vw, 420px\" \/><\/a><p id=\"caption-attachment-248\" class=\"wp-caption-text\">Verleihungsurkunde<\/p><\/div>\n","protected":false},"excerpt":{"rendered":"<p>Vom Niederhessischen Touristenverein zum SGV-Berleburg \u201eGr\u00fc\u00df dich, Deutschland,aus Herzens Grund\u201c. so besingt der Dichter Eichendorff in seinem Gedicht \u201eHeimweh\u201c sein Vaterland. Josef von Eichendorff geh\u00f6rt zu den Dichtern der j\u00fcngeren&hellip; <br \/> <a class=\"button small blue\" href=\"https:\/\/www.sgv-bad-berleburg.de\/?page_id=35\">Weiterlesen<\/a><\/p>\n","protected":false},"author":5,"featured_media":0,"parent":0,"menu_order":0,"comment_status":"closed","ping_status":"open","template":"","meta":{"footnotes":""},"class_list":["post-35","page","type-page","status-publish","hentry"],"_links":{"self":[{"href":"https:\/\/www.sgv-bad-berleburg.de\/index.php?rest_route=\/wp\/v2\/pages\/35","targetHints":{"allow":["GET"]}}],"collection":[{"href":"https:\/\/www.sgv-bad-berleburg.de\/index.php?rest_route=\/wp\/v2\/pages"}],"about":[{"href":"https:\/\/www.sgv-bad-berleburg.de\/index.php?rest_route=\/wp\/v2\/types\/page"}],"author":[{"embeddable":true,"href":"https:\/\/www.sgv-bad-berleburg.de\/index.php?rest_route=\/wp\/v2\/users\/5"}],"replies":[{"embeddable":true,"href":"https:\/\/www.sgv-bad-berleburg.de\/index.php?rest_route=%2Fwp%2Fv2%2Fcomments&post=35"}],"version-history":[{"count":7,"href":"https:\/\/www.sgv-bad-berleburg.de\/index.php?rest_route=\/wp\/v2\/pages\/35\/revisions"}],"predecessor-version":[{"id":4530,"href":"https:\/\/www.sgv-bad-berleburg.de\/index.php?rest_route=\/wp\/v2\/pages\/35\/revisions\/4530"}],"wp:attachment":[{"href":"https:\/\/www.sgv-bad-berleburg.de\/index.php?rest_route=%2Fwp%2Fv2%2Fmedia&parent=35"}],"curies":[{"name":"wp","href":"https:\/\/api.w.org\/{rel}","templated":true}]}}